{"id":50,"date":"2024-10-23T17:05:30","date_gmt":"2024-10-23T17:05:30","guid":{"rendered":"https:\/\/phoxwp.wdes.org\/gopro\/?page_id=50"},"modified":"2024-11-21T11:38:08","modified_gmt":"2024-11-21T11:38:08","slug":"homepage","status":"publish","type":"page","link":"https:\/\/otecloud.com\/en\/","title":{"rendered":"Home"},"content":{"rendered":"<div data-elementor-type=\"wp-page\" data-elementor-id=\"50\" class=\"elementor elementor-50\">\n\t\t\t\t<div class=\"elementor-element elementor-element-feed2b1 e-flex e-con-boxed e-con e-parent\" data-id=\"feed2b1\" data-element_type=\"container\">\n\t\t\t\t\t<div class=\"e-con-inner\">\n\t\t<div class=\"elementor-element elementor-element-149336e e-con-full e-flex e-con e-child\" data-id=\"149336e\" data-element_type=\"container\" data-settings=\"{&quot;background_background&quot;:&quot;classic&quot;}\">\n\t\t<div class=\"elementor-element elementor-element-e260cfd e-con-full e-flex e-con e-child\" data-id=\"e260cfd\" data-element_type=\"container\">\n\t\t\t\t<div class=\"elementor-element elementor-element-82b45a7 elementor-widget elementor-widget-heading\" data-id=\"82b45a7\" data-element_type=\"widget\" data-widget_type=\"heading.default\">\n\t\t\t\t<div class=\"elementor-widget-container\">\n\t\t\t<h2 class=\"elementor-heading-title elementor-size-default\">D\u00c9COUVREZ OTECLOUD<\/h2>\t\t<\/div>\n\t\t\t\t<\/div>\n\t\t\t\t<div class=\"elementor-element elementor-element-d277ca2 elementor-widget__width-initial elementor-widget-tablet__width-inherit elementor-widget elementor-widget-wdes-section-header-widget\" data-id=\"d277ca2\" data-element_type=\"widget\" data-widget_type=\"wdes-section-header-widget.default\">\n\t\t\t\t<div class=\"elementor-widget-container\">\n\t\t\t<section class=\"widget-content wdes-widget-section-header\"><div class=\"wdes-widget-inner wdes-text-align-left\"><h1 class=\"wdes-section-header-primary\">H\u00e9bergement <br \/>Web\nPour Tous<\/h1><div class=\"wdes-section-header-description\"><p>Nous veillons \u00e0 ce que votre site web soit rapide. Nous veillons \u00e0 ce.<\/p><\/div><\/div><\/section>\t\t<\/div>\n\t\t\t\t<\/div>\n\t\t\t\t<div class=\"elementor-element elementor-element-3b98ff6 elementor-align-left elementor-mobile-align-center elementor-widget elementor-widget-button\" data-id=\"3b98ff6\" data-element_type=\"widget\" data-widget_type=\"button.default\">\n\t\t\t\t<div class=\"elementor-widget-container\">\n\t\t\t\t\t\t\t<div class=\"elementor-button-wrapper\">\n\t\t\t\t\t<a class=\"elementor-button elementor-button-link elementor-size-sm\" href=\"#\">\n\t\t\t\t\t\t<span class=\"elementor-button-content-wrapper\">\n\t\t\t\t\t\t\t\t\t<span class=\"elementor-button-text\">Create Your Site<\/span>\n\t\t\t\t\t<\/span>\n\t\t\t\t\t<\/a>\n\t\t\t\t<\/div>\n\t\t\t\t\t\t<\/div>\n\t\t\t\t<\/div>\n\t\t\t\t<\/div>\n\t\t\t\t<div class=\"elementor-element elementor-element-34776cc elementor-widget elementor-widget-image\" data-id=\"34776cc\" data-element_type=\"widget\" data-widget_type=\"image.default\">\n\t\t\t\t<div class=\"elementor-widget-container\">\n\t\t\t\t\t\t\t\t\t\t\t\t\t<img fetchpriority=\"high\" decoding=\"async\" width=\"538\" height=\"327\" src=\"https:\/\/otecloud.com\/wp-content\/uploads\/2024\/10\/domain-1.png\" class=\"attachment-full size-full wp-image-230\" alt=\"\" srcset=\"https:\/\/otecloud.com\/wp-content\/uploads\/2024\/10\/domain-1.png 538w, https:\/\/otecloud.com\/wp-content\/uploads\/2024\/10\/domain-1-300x182.png 300w\" sizes=\"(max-width: 538px) 100vw, 538px\" \/>\t\t\t\t\t\t\t\t\t\t\t\t\t<\/div>\n\t\t\t\t<\/div>\n\t\t\t\t<\/div>\n\t\t<div class=\"elementor-element elementor-element-3494741 e-con-full e-flex e-con e-child\" data-id=\"3494741\" data-element_type=\"container\" data-settings=\"{&quot;background_background&quot;:&quot;classic&quot;}\">\n\t\t\t\t<div class=\"elementor-element elementor-element-c13fbe3 elementor-widget elementor-widget-heading\" data-id=\"c13fbe3\" data-element_type=\"widget\" data-widget_type=\"heading.default\">\n\t\t\t\t<div class=\"elementor-widget-container\">\n\t\t\t<h2 class=\"elementor-heading-title elementor-size-default\">NEW<\/h2>\t\t<\/div>\n\t\t\t\t<\/div>\n\t\t\t\t<div class=\"elementor-element elementor-element-bbb5309 elementor-widget elementor-widget-wdes-section-header-widget\" data-id=\"bbb5309\" data-element_type=\"widget\" data-widget_type=\"wdes-section-header-widget.default\">\n\t\t\t\t<div class=\"elementor-widget-container\">\n\t\t\t<section class=\"widget-content wdes-widget-section-header\"><div class=\"wdes-widget-inner wdes-text-align-center\"><h1 class=\"wdes-section-header-primary\">AI Suggested Domains<\/h1><div class=\"wdes-section-header-description\">Find the perfect domain and business name with AI.<\/div><\/div><\/section>\t\t<\/div>\n\t\t\t\t<\/div>\n\t\t\t\t<div class=\"elementor-element elementor-element-1bf23f8 elementor-align-center elementor-widget elementor-widget-button\" data-id=\"1bf23f8\" data-element_type=\"widget\" data-widget_type=\"button.default\">\n\t\t\t\t<div class=\"elementor-widget-container\">\n\t\t\t\t\t\t\t<div class=\"elementor-button-wrapper\">\n\t\t\t\t\t<a class=\"elementor-button elementor-button-link elementor-size-sm\" href=\"#\">\n\t\t\t\t\t\t<span class=\"elementor-button-content-wrapper\">\n\t\t\t\t\t\t\t\t\t<span class=\"elementor-button-text\">Try AI Domain Search<\/span>\n\t\t\t\t\t<\/span>\n\t\t\t\t\t<\/a>\n\t\t\t\t<\/div>\n\t\t\t\t\t\t<\/div>\n\t\t\t\t<\/div>\n\t\t\t\t<\/div>\n\t\t\t\t\t<\/div>\n\t\t\t\t<\/div>\n\t\t<div class=\"elementor-element elementor-element-2e61e89 e-con-full e-flex e-con e-parent\" data-id=\"2e61e89\" data-element_type=\"container\">\n\t\t<div class=\"elementor-element elementor-element-1117ca9 e-con-full elementor-hidden-tablet elementor-hidden-mobile e-flex e-con e-child\" data-id=\"1117ca9\" data-element_type=\"container\" data-settings=\"{&quot;background_background&quot;:&quot;classic&quot;}\">\n\t\t\t\t<div class=\"elementor-element elementor-element-fbae354 elementor-widget elementor-widget-wdes-forms-widget\" data-id=\"fbae354\" data-element_type=\"widget\" data-widget_type=\"wdes-forms-widget.default\">\n\t\t\t\t<div class=\"elementor-widget-container\">\n\t\t\t        <div class=\"domain-element-wdes\">\n            <div id=\"wdes-domain-search\">\n                <form id=\"wdes-domain-form\" class=\"domain-search-area-main\" method=\"post\" action=\"https:\/\/phoxca.wdes.org\/domainchecker.php\" data-setting=\"{&quot;spinnerIcon&quot;:&quot;fas fa-circle-notch&quot;,&quot;suggestionsSpinnerIcon&quot;:&quot;fas fa-circle-notch&quot;,&quot;whois_button&quot;:&quot;yes&quot;,&quot;transfer_button&quot;:&quot;yes&quot;,&quot;nameProperty&quot;:&quot;domain&quot;}\">\n                    <div class=\"domain-form-wrapper\">\n                        <div class=\"wdes-domain-input-wrapper\">\n                            <div class=\"domain-input-search-label\"><svg class=\"e-font-icon-svg e-fas-search\" viewbox=\"0 0 512 512\" xmlns=\"http:\/\/www.w3.org\/2000\/svg\"><path d=\"M505 442.7L405.3 343c-4.5-4.5-10.6-7-17-7H372c27.6-35.3 44-79.7 44-128C416 93.1 322.9 0 208 0S0 93.1 0 208s93.1 208 208 208c48.3 0 92.7-16.4 128-44v16.3c0 6.4 2.5 12.5 7 17l99.7 99.7c9.4 9.4 24.6 9.4 33.9 0l28.3-28.3c9.4-9.4 9.4-24.6.1-34zM208 336c-70.7 0-128-57.2-128-128 0-70.7 57.2-128 128-128 70.7 0 128 57.2 128 128 0 70.7-57.2 128-128 128z\"><\/path><\/svg><\/div>                            <input type=\"hidden\" name=\"token\" value=\"0811bf819565bf8142cc613d099e85a27ec1204c\"\/>\n                            <input id=\"wdes-domain\" class=\"sea-dom\" type=\"search\" name=\"domain\" placeholder=\"Saisissez le domaine souhait\u00e9\"\/>\n\n                            \n                            <input type=\"hidden\" id=\"wdes_lup\" name=\"wdes_lup\" value=\"lup-1\"\/>\n                        <\/div>\n                                                    <input id=\"wdes-search\" class=\"reg-dom\" type=\"submit\" value=\"Rechercher des domaines\"\/>\n                        \n                        \n                    <\/div>\n                    <div id=\"dc-error-message-invalid\" class=\"d-none\">\n                        <i class=\"fas fa-exclamation-circle\"><\/i>\n                        <p class=\"text-h-warning\">Invalid domain name<\/p>\n                    <\/div>\n\n                    <div id=\"dc-error-message-unsupported\" class=\"d-none\">\n                        <i class=\"fas fa-exclamation-circle\"><\/i>\n                        <p class=\"text-h-warning\">We are not support this extension<\/p>\n                    <\/div>\n\n                    <div class=\"extensions-block\">\n                        \n                                                                                                                                                                                \n                                                                                                                                                                                \n                                                                                                                                                                                                    <\/div>\n\n                    \n                    <div id=\"preloader-resource\" data-priority-tlds='[{\"tld\":\"domain-com\",\"price\":\" DH 5\"},{\"tld\":\"domain-net\",\"price\":\" DH 5\"},{\"tld\":\"domain-org\",\"price\":\" DH 5\"}]' data-priority-local-tlds='[]'><\/div>\n                    <!-- Result section-->\n                    <div id=\"wdes-domain-results\" class=\"domain-results-box\">\n                        <!-- Modal -->\n                        <div id=\"wdesDomainWhois\" class=\"modal micromodal-slide\" aria-hidden=\"true\">\n                            <div class=\"modal__overlay\" tabindex=\"-1\" data-micromodal-close>\n                                <div class=\"modal__container\" role=\"dialog\" aria-modal=\"true\" aria-labelledby=\"wdesDomainWhois-title\">\n                                    <header class=\"modal__header\">\n                                        <h2 class=\"modal__title\" id=\"wdesDomainWhoisLabel\">Domain Whois Lookup<\/h2>\n                                        <button class=\"modal__close\" data-micromodal-close aria-label=\"Close this dialog window\"><\/button>\n                                    <\/header>\n                                    <main class=\"modal__content\" id=\"wdesDomainWhois-content\"><\/main>\n                                <\/div>\n                            <\/div>\n                        <\/div>\n                    <\/div>\n\n                    <\/form><\/div><\/div><\/div><\/div><\/div><\/div><\/div> <a href=\"https:\/\/otecloud.com\/en\/#more-50\" class=\"more-link elementor-more-link\"><span aria-label=\"Continue reading Home\">option section<\/span><\/a>","protected":false},"excerpt":{"rendered":"<p>D\u00c9COUVREZ OTECLOUD H\u00e9bergement Web Pour Tous Nous veillons \u00e0 ce que votre site web soit rapide. Nous veillons \u00e0 ce. Create Your Site NEW AI Suggested Domains Find the perfect domain and business name with AI. Try AI Domain Search Invalid domain name We are not support this extension Domain Whois Lookup<\/p>","protected":false},"author":1,"featured_media":0,"parent":0,"menu_order":0,"comment_status":"closed","ping_status":"closed","template":"","meta":{"_siteseo_robots_primary_cat":"","footnotes":""},"class_list":["post-50","page","type-page","status-publish","hentry"],"_links":{"self":[{"href":"https:\/\/otecloud.com\/en\/wp-json\/wp\/v2\/pages\/50","targetHints":{"allow":["GET"]}}],"collection":[{"href":"https:\/\/otecloud.com\/en\/wp-json\/wp\/v2\/pages"}],"about":[{"href":"https:\/\/otecloud.com\/en\/wp-json\/wp\/v2\/types\/page"}],"author":[{"embeddable":true,"href":"https:\/\/otecloud.com\/en\/wp-json\/wp\/v2\/users\/1"}],"replies":[{"embeddable":true,"href":"https:\/\/otecloud.com\/en\/wp-json\/wp\/v2\/comments?post=50"}],"version-history":[{"count":448,"href":"https:\/\/otecloud.com\/en\/wp-json\/wp\/v2\/pages\/50\/revisions"}],"predecessor-version":[{"id":1431,"href":"https:\/\/otecloud.com\/en\/wp-json\/wp\/v2\/pages\/50\/revisions\/1431"}],"wp:attachment":[{"href":"https:\/\/otecloud.com\/en\/wp-json\/wp\/v2\/media?parent=50"}],"curies":[{"name":"wp","href":"https:\/\/api.w.org\/{rel}","templated":true}]}}